{"id":11,"date":"2022-03-23T22:56:06","date_gmt":"2022-03-23T21:56:06","guid":{"rendered":"https:\/\/www.shooting-experience.com\/?page_id=11"},"modified":"2025-09-07T22:45:14","modified_gmt":"2025-09-07T20:45:14","slug":"accueil","status":"publish","type":"page","link":"https:\/\/www.shooting-experience.com\/","title":{"rendered":"Accueil"},"content":{"rendered":"\n<div class=\"wp-block-columns are-vertically-aligned-center is-layout-flex wp-container-core-columns-is-layout-9d6595d7 wp-block-columns-is-layout-flex\">\n<div class=\"wp-block-column is-vertically-aligned-center is-layout-flow wp-block-column-is-layout-flow\" style=\"flex-basis:33.33%\">\n<figure class=\"wp-block-image size-full\"><img fetchpriority=\"high\" decoding=\"async\" width=\"447\" height=\"360\" src=\"https:\/\/www.shooting-experience.com\/wp-content\/uploads\/2022\/03\/LOGO-1.jpg\" alt=\"\" class=\"wp-image-60\" srcset=\"https:\/\/www.shooting-experience.com\/wp-content\/uploads\/2022\/03\/LOGO-1.jpg 447w, https:\/\/www.shooting-experience.com\/wp-content\/uploads\/2022\/03\/LOGO-1-300x242.jpg 300w\" sizes=\"(max-width: 447px) 100vw, 447px\" \/><\/figure>\n<\/div>\n\n\n\n<div class=\"wp-block-column is-vertically-aligned-center is-layout-flow wp-block-column-is-layout-flow\" style=\"flex-basis:66.66%\">\n<p class=\"has-text-align-center has-medium-font-size\">Bienvenue sur le site du club de tir sportif \u00ab\u00a0Le Barp Shooting Exp\u00e9rience\u00a0\u00bb. <strong>Nous sommes complets pour la saison 2025-2026.<\/strong><\/p>\n<\/div>\n<\/div>\n\n\n\n<div class=\"wp-block-group\"><div class=\"wp-block-group__inner-container is-layout-flow wp-block-group-is-layout-flow\"><\/div><\/div>\n\n\n\n<div class=\"wp-block-group alignfull has-background\" style=\"background-color:#e5e9ec\"><div class=\"wp-block-group__inner-container is-layout-flow wp-block-group-is-layout-flow\">\n<div class=\"wp-block-columns is-layout-flex wp-container-core-columns-is-layout-9d6595d7 wp-block-columns-is-layout-flex\">\n<div class=\"wp-block-column is-layout-flow wp-block-column-is-layout-flow\">\n<h2 class=\"wp-block-heading has-text-align-center\">LE BARP SHOOTING EXPERIENCE<\/h2>\n\n\n\n<div class=\"wp-block-group\"><div class=\"wp-block-group__inner-container is-layout-constrained wp-block-group-is-layout-constrained\">\n<p class=\"has-text-align-center\">Notre club de tir se trouve sur la commune du Barp, tout proche de bordeaux, en Gironde (33). Le stand de tir est actuellement ouvert \u00e0 la cat\u00e9gorie B pour le stand 25m et le stand 50-100. Il est ouvert uniquement \u00e0 la cat\u00e9gorie C pour le stand 200-300-400m<br>Attention les horaires affich\u00e9s sont susceptibles d&rsquo;\u00e9voluer.<\/p>\n<\/div><\/div>\n\n\n\n<center><br \/>\n<figure class=\"wp-block-image aligncenter size-full\"><img decoding=\"async\" width=\"697\" height=\"144\" src=\"https:\/\/www.shooting-experience.com\/wp-content\/uploads\/2024\/06\/Horaires.jpg\" alt=\"\" class=\"wp-image-227\"\/><\/figure>\n<\/center>\n<\/div>\n<\/div>\n<\/div><\/div>\n\n\n\n<div class=\"wp-block-columns is-layout-flex wp-container-core-columns-is-layout-9d6595d7 wp-block-columns-is-layout-flex\">\n<div class=\"wp-block-column is-layout-flow wp-block-column-is-layout-flow\"><\/div>\n<\/div>\n\n\n\n<div class=\"wp-block-group alignfull\"><div class=\"wp-block-group__inner-container is-layout-flow wp-block-group-is-layout-flow\">\n<div class=\"wp-block-columns is-layout-flex wp-container-core-columns-is-layout-9d6595d7 wp-block-columns-is-layout-flex\">\n<div class=\"wp-block-column is-vertically-aligned-bottom is-layout-flow wp-block-column-is-layout-flow\"><div class=\"wp-block-image\">\n<figure class=\"alignright size-large\"><img decoding=\"async\" width=\"683\" height=\"1024\" src=\"https:\/\/www.shooting-experience.com\/wp-content\/uploads\/2022\/03\/cible-683x1024.jpeg\" alt=\"\" class=\"wp-image-66\" srcset=\"https:\/\/www.shooting-experience.com\/wp-content\/uploads\/2022\/03\/cible-683x1024.jpeg 683w, https:\/\/www.shooting-experience.com\/wp-content\/uploads\/2022\/03\/cible-200x300.jpeg 200w, https:\/\/www.shooting-experience.com\/wp-content\/uploads\/2022\/03\/cible-768x1152.jpeg 768w, https:\/\/www.shooting-experience.com\/wp-content\/uploads\/2022\/03\/cible.jpeg 1000w\" sizes=\"(max-width: 683px) 100vw, 683px\" \/><\/figure>\n<\/div><\/div>\n\n\n\n<div class=\"wp-block-column is-vertically-aligned-center is-layout-flow wp-block-column-is-layout-flow\">\n<p><\/p>\n\n\n\n<p><\/p>\n\n\n\n<h2 class=\"wp-block-heading\">Comment s&rsquo;inscrire ?<\/h2>\n\n\n\n<p>Notre stand de tir sera heureux de vous compter parmi ses nouveaux membres lors de la prochaine saison de tir.<\/p>\n\n\n\n<p>Pour cela rien de plus simple, il vous suffit de r\u00e9pondre aux conditions d\u2019inscription et de vous inscrire. Contactez nous pour plus d&rsquo;informations.<\/p>\n\n\n\n<div class=\"wp-block-buttons is-content-justification-space-between is-layout-flex wp-container-core-buttons-is-layout-3d213aab wp-block-buttons-is-layout-flex\">\n<div class=\"wp-block-button is-style-outline is-style-outline--1\"><a class=\"wp-block-button__link wp-element-button\" href=\"https:\/\/www.shooting-experience.com\/index.php\/inscription-et-tarifs\/\">Inscription et tarifs<\/a><\/div>\n<\/div>\n<\/div>\n<\/div>\n<\/div><\/div>\n\n\n\n<div class=\"wp-block-group alignfull has-black-background-color has-background\"><div class=\"wp-block-group__inner-container is-layout-flow wp-block-group-is-layout-flow\">\n<h2 class=\"wp-block-heading has-text-align-center has-white-color has-text-color\"><strong>Stands de tir<\/strong><\/h2>\n\n\n\n<figure class=\"wp-block-gallery aligncenter has-nested-images columns-default is-cropped wp-block-gallery-2 is-layout-flex wp-block-gallery-is-layout-flex\">\n<figure class=\"wp-block-image size-large\"><img loading=\"lazy\" decoding=\"async\" width=\"1024\" height=\"576\" data-id=\"310\" src=\"https:\/\/www.shooting-experience.com\/wp-content\/uploads\/2024\/07\/WhatsApp-Image-2024-07-24-a-18.43.03_22a70f25-1024x576.jpg\" alt=\"\" class=\"wp-image-310\" srcset=\"https:\/\/www.shooting-experience.com\/wp-content\/uploads\/2024\/07\/WhatsApp-Image-2024-07-24-a-18.43.03_22a70f25-1024x576.jpg 1024w, https:\/\/www.shooting-experience.com\/wp-content\/uploads\/2024\/07\/WhatsApp-Image-2024-07-24-a-18.43.03_22a70f25-300x169.jpg 300w, https:\/\/www.shooting-experience.com\/wp-content\/uploads\/2024\/07\/WhatsApp-Image-2024-07-24-a-18.43.03_22a70f25-768x432.jpg 768w, https:\/\/www.shooting-experience.com\/wp-content\/uploads\/2024\/07\/WhatsApp-Image-2024-07-24-a-18.43.03_22a70f25-1536x864.jpg 1536w, https:\/\/www.shooting-experience.com\/wp-content\/uploads\/2024\/07\/WhatsApp-Image-2024-07-24-a-18.43.03_22a70f25-600x338.jpg 600w, https:\/\/www.shooting-experience.com\/wp-content\/uploads\/2024\/07\/WhatsApp-Image-2024-07-24-a-18.43.03_22a70f25-1200x675.jpg 1200w, https:\/\/www.shooting-experience.com\/wp-content\/uploads\/2024\/07\/WhatsApp-Image-2024-07-24-a-18.43.03_22a70f25.jpg 1600w\" sizes=\"(max-width: 1024px) 100vw, 1024px\" \/><\/figure>\n<\/figure>\n<\/div><\/div>\n\n\n\n<div class=\"wp-block-cover alignfull is-light has-parallax\" style=\"min-height:375px;aspect-ratio:unset;\"><div class=\"wp-block-cover__image-background wp-image-57 has-parallax\" style=\"background-position:50% 50%;background-image:url(https:\/\/www.shooting-experience.com\/wp-content\/uploads\/2022\/03\/cropped-Stand.jpeg)\"><\/div><span aria-hidden=\"true\" class=\"wp-block-cover__background has-black-background-color has-background-dim-40 has-background-dim\"><\/span><div class=\"wp-block-cover__inner-container is-layout-flow wp-block-cover-is-layout-flow\">\n<p class=\"has-text-align-center has-large-font-size\"><\/p>\n\n\n\n<center><br\/>\n<figure class=\"wp-block-image aligncenter size-full is-resized\"><img loading=\"lazy\" decoding=\"async\" width=\"630\" height=\"317\" src=\"https:\/\/www.shooting-experience.com\/wp-content\/uploads\/2023\/11\/Logo-tir-aqu.jpg\" alt=\"\" class=\"wp-image-251\" style=\"width:364px;height:auto\" srcset=\"https:\/\/www.shooting-experience.com\/wp-content\/uploads\/2023\/11\/Logo-tir-aqu.jpg 630w, https:\/\/www.shooting-experience.com\/wp-content\/uploads\/2023\/11\/Logo-tir-aqu-300x151.jpg 300w, https:\/\/www.shooting-experience.com\/wp-content\/uploads\/2023\/11\/Logo-tir-aqu-600x302.jpg 600w\" sizes=\"(max-width: 630px) 100vw, 630px\" \/><\/figure>\n<\/center>\n<\/div><\/div>\n\n\n\n<p><\/p>\n","protected":false},"excerpt":{"rendered":"<p>Bienvenue sur le site du club de tir sportif \u00ab\u00a0Le Barp Shooting Exp\u00e9rience\u00a0\u00bb. Nous sommes complets pour la saison 2025-2026. LE BARP SHOOTING EXPERIENCE Notre club de tir se trouve sur la commune du Barp, tout proche de bordeaux, en Gironde (33). Le stand de tir est actuellement ouvert \u00e0 la cat\u00e9gorie B pour le &hellip; <\/p>\n<p class=\"link-more\"><a href=\"https:\/\/www.shooting-experience.com\/\" class=\"more-link\">Lire la suite de<span class=\"screen-reader-text\">\u00ab\u00a0Accueil\u00a0\u00bb<\/span><\/a><\/p>\n","protected":false},"author":1,"featured_media":0,"parent":0,"menu_order":0,"comment_status":"closed","ping_status":"closed","template":"","meta":{"footnotes":""},"class_list":["post-11","page","type-page","status-publish","hentry"],"featured_media_urls":[],"_links":{"self":[{"href":"https:\/\/www.shooting-experience.com\/index.php\/wp-json\/wp\/v2\/pages\/11","targetHints":{"allow":["GET"]}}],"collection":[{"href":"https:\/\/www.shooting-experience.com\/index.php\/wp-json\/wp\/v2\/pages"}],"about":[{"href":"https:\/\/www.shooting-experience.com\/index.php\/wp-json\/wp\/v2\/types\/page"}],"author":[{"embeddable":true,"href":"https:\/\/www.shooting-experience.com\/index.php\/wp-json\/wp\/v2\/users\/1"}],"replies":[{"embeddable":true,"href":"https:\/\/www.shooting-experience.com\/index.php\/wp-json\/wp\/v2\/comments?post=11"}],"version-history":[{"count":66,"href":"https:\/\/www.shooting-experience.com\/index.php\/wp-json\/wp\/v2\/pages\/11\/revisions"}],"predecessor-version":[{"id":352,"href":"https:\/\/www.shooting-experience.com\/index.php\/wp-json\/wp\/v2\/pages\/11\/revisions\/352"}],"wp:attachment":[{"href":"https:\/\/www.shooting-experience.com\/index.php\/wp-json\/wp\/v2\/media?parent=11"}],"curies":[{"name":"wp","href":"https:\/\/api.w.org\/{rel}","templated":true}]}}