{"id":16,"date":"2022-03-23T22:56:06","date_gmt":"2022-03-23T21:56:06","guid":{"rendered":"https:\/\/www.shooting-experience.com\/?page_id=16"},"modified":"2024-07-24T23:14:07","modified_gmt":"2024-07-24T21:14:07","slug":"stand-de-tir","status":"publish","type":"page","link":"https:\/\/www.shooting-experience.com\/index.php\/stand-de-tir\/","title":{"rendered":"Stand de tir"},"content":{"rendered":"\n<figure class=\"wp-block-image size-large\"><img fetchpriority=\"high\" decoding=\"async\" width=\"1024\" height=\"576\" src=\"https:\/\/www.shooting-experience.com\/wp-content\/uploads\/2024\/07\/WhatsApp-Image-2024-07-24-a-18.42.49_55028acd-1024x576.jpg\" alt=\"\" class=\"wp-image-309\" style=\"object-fit:cover\" srcset=\"https:\/\/www.shooting-experience.com\/wp-content\/uploads\/2024\/07\/WhatsApp-Image-2024-07-24-a-18.42.49_55028acd-1024x576.jpg 1024w, https:\/\/www.shooting-experience.com\/wp-content\/uploads\/2024\/07\/WhatsApp-Image-2024-07-24-a-18.42.49_55028acd-300x169.jpg 300w, https:\/\/www.shooting-experience.com\/wp-content\/uploads\/2024\/07\/WhatsApp-Image-2024-07-24-a-18.42.49_55028acd-768x432.jpg 768w, https:\/\/www.shooting-experience.com\/wp-content\/uploads\/2024\/07\/WhatsApp-Image-2024-07-24-a-18.42.49_55028acd-1536x864.jpg 1536w, https:\/\/www.shooting-experience.com\/wp-content\/uploads\/2024\/07\/WhatsApp-Image-2024-07-24-a-18.42.49_55028acd-600x338.jpg 600w, https:\/\/www.shooting-experience.com\/wp-content\/uploads\/2024\/07\/WhatsApp-Image-2024-07-24-a-18.42.49_55028acd-1200x675.jpg 1200w, https:\/\/www.shooting-experience.com\/wp-content\/uploads\/2024\/07\/WhatsApp-Image-2024-07-24-a-18.42.49_55028acd.jpg 1600w\" sizes=\"(max-width: 1024px) 100vw, 1024px\" \/><\/figure>\n\n\n\n<p>Le terrain qui h\u00e9berge le stand de tir se trouve au lieu dit \u00ab\u00a0Pierre du coin\u00a0\u00bb, piste de Carpenteyre, 33114 LE BARP.<br>Sur la photo ci-dessus, vous verrez l&rsquo;implantation du stand au sein du terrain de 10 Ha (\u00e9tang inclus). Cela nous offre de belles opportunit\u00e9s d&rsquo;agrandissement des installations. Des am\u00e9nagements pour plus de convivialit\u00e9 sont \u00e9galement pr\u00e9vus.<br><\/p>\n\n\n\n<figure class=\"wp-block-image size-large\"><img decoding=\"async\" width=\"1024\" height=\"576\" src=\"https:\/\/www.shooting-experience.com\/wp-content\/uploads\/2024\/07\/WhatsApp-Image-2024-07-24-a-18.43.40_cfd74f3f-1024x576.jpg\" alt=\"\" class=\"wp-image-311\" srcset=\"https:\/\/www.shooting-experience.com\/wp-content\/uploads\/2024\/07\/WhatsApp-Image-2024-07-24-a-18.43.40_cfd74f3f-1024x576.jpg 1024w, https:\/\/www.shooting-experience.com\/wp-content\/uploads\/2024\/07\/WhatsApp-Image-2024-07-24-a-18.43.40_cfd74f3f-300x169.jpg 300w, https:\/\/www.shooting-experience.com\/wp-content\/uploads\/2024\/07\/WhatsApp-Image-2024-07-24-a-18.43.40_cfd74f3f-768x432.jpg 768w, https:\/\/www.shooting-experience.com\/wp-content\/uploads\/2024\/07\/WhatsApp-Image-2024-07-24-a-18.43.40_cfd74f3f-1536x864.jpg 1536w, https:\/\/www.shooting-experience.com\/wp-content\/uploads\/2024\/07\/WhatsApp-Image-2024-07-24-a-18.43.40_cfd74f3f-600x338.jpg 600w, https:\/\/www.shooting-experience.com\/wp-content\/uploads\/2024\/07\/WhatsApp-Image-2024-07-24-a-18.43.40_cfd74f3f-1200x675.jpg 1200w, https:\/\/www.shooting-experience.com\/wp-content\/uploads\/2024\/07\/WhatsApp-Image-2024-07-24-a-18.43.40_cfd74f3f.jpg 1600w\" sizes=\"(max-width: 1024px) 100vw, 1024px\" \/><\/figure>\n\n\n\n<p>Notre stand de tir est actuellement en travaux. Ils ont d\u00e9but\u00e9 en octobre 2022 pour une livraison des pas de tir qui est la suivante:<br>&#8211; Pas de tir 25m : <strong>ouvert cat\u00e9gorie B<\/strong><br>&#8211; Pas de tir 50-100m : <strong>ouvert cat\u00e9gorie B<\/strong><br>&#8211; Pas de tir 200-300-400m : <strong>ouvert cat\u00e9gorie C<\/strong><br>&#8211; Pas de tir \u00ab\u00a0convention\u00a0\u00bb : <strong>ouvert aux professionnels<\/strong><br>&#8211; Pas de tir TSV : <strong>\u00e0 venir<\/strong><br>&#8211; Pas de tir \u00ab\u00a0sanglier courant\u00a0\u00bb : <strong>\u00e0 venir<\/strong><br><\/p>\n\n\n\n<p><\/p>\n\n\n\n<p><\/p>\n","protected":false},"excerpt":{"rendered":"<p>Le terrain qui h\u00e9berge le stand de tir se trouve au lieu dit \u00ab\u00a0Pierre du coin\u00a0\u00bb, piste de Carpenteyre, 33114 LE BARP.Sur la photo ci-dessus, vous verrez l&rsquo;implantation du stand au sein du terrain de 10 Ha (\u00e9tang inclus). Cela nous offre de belles opportunit\u00e9s d&rsquo;agrandissement des installations. Des am\u00e9nagements pour plus de convivialit\u00e9 sont &hellip; <\/p>\n<p class=\"link-more\"><a href=\"https:\/\/www.shooting-experience.com\/index.php\/stand-de-tir\/\" class=\"more-link\">Lire la suite de<span class=\"screen-reader-text\">\u00ab\u00a0Stand de tir\u00a0\u00bb<\/span><\/a><\/p>\n","protected":false},"author":1,"featured_media":0,"parent":0,"menu_order":0,"comment_status":"closed","ping_status":"closed","template":"","meta":{"footnotes":""},"class_list":["post-16","page","type-page","status-publish","hentry"],"featured_media_urls":[],"_links":{"self":[{"href":"https:\/\/www.shooting-experience.com\/index.php\/wp-json\/wp\/v2\/pages\/16","targetHints":{"allow":["GET"]}}],"collection":[{"href":"https:\/\/www.shooting-experience.com\/index.php\/wp-json\/wp\/v2\/pages"}],"about":[{"href":"https:\/\/www.shooting-experience.com\/index.php\/wp-json\/wp\/v2\/types\/page"}],"author":[{"embeddable":true,"href":"https:\/\/www.shooting-experience.com\/index.php\/wp-json\/wp\/v2\/users\/1"}],"replies":[{"embeddable":true,"href":"https:\/\/www.shooting-experience.com\/index.php\/wp-json\/wp\/v2\/comments?post=16"}],"version-history":[{"count":13,"href":"https:\/\/www.shooting-experience.com\/index.php\/wp-json\/wp\/v2\/pages\/16\/revisions"}],"predecessor-version":[{"id":318,"href":"https:\/\/www.shooting-experience.com\/index.php\/wp-json\/wp\/v2\/pages\/16\/revisions\/318"}],"wp:attachment":[{"href":"https:\/\/www.shooting-experience.com\/index.php\/wp-json\/wp\/v2\/media?parent=16"}],"curies":[{"name":"wp","href":"https:\/\/api.w.org\/{rel}","templated":true}]}}