{"id":18,"date":"2022-03-23T22:56:06","date_gmt":"2022-03-23T21:56:06","guid":{"rendered":"https:\/\/www.shooting-experience.com\/?page_id=18"},"modified":"2024-11-26T10:38:59","modified_gmt":"2024-11-26T09:38:59","slug":"espace-pro","status":"publish","type":"page","link":"https:\/\/www.shooting-experience.com\/index.php\/espace-pro\/","title":{"rendered":"Espace pro"},"content":{"rendered":"\n<div class=\"wp-block-media-text alignwide is-stacked-on-mobile\"><figure class=\"wp-block-media-text__media\"><img fetchpriority=\"high\" decoding=\"async\" width=\"563\" height=\"750\" src=\"https:\/\/www.shooting-experience.com\/wp-content\/uploads\/2022\/09\/pexels-photo-7714753.jpeg\" alt=\"\" class=\"wp-image-152 size-full\" srcset=\"https:\/\/www.shooting-experience.com\/wp-content\/uploads\/2022\/09\/pexels-photo-7714753.jpeg 563w, https:\/\/www.shooting-experience.com\/wp-content\/uploads\/2022\/09\/pexels-photo-7714753-225x300.jpeg 225w\" sizes=\"(max-width: 563px) 100vw, 563px\" \/><\/figure><div class=\"wp-block-media-text__content\">\n<p>La zone Convention, disponible \u00e0 proximit\u00e9 des pas de tir 25m, 50\/100m et 400m est un espace de 1250 m\u00b2 s\u00e9curis\u00e9, d\u00e9di\u00e9 aux forces de l&rsquo;ordre et aux administrations.<\/p>\n\n\n\n<p>Am\u00e9nageable au gr\u00e9 des exercices et des contraintes op\u00e9rationnelles actuelles, vous pourrez positionner dans la zone des v\u00e9hicules ainsi que des parois en bois pour vos simulations (\u00e9quipements fournis).<\/p>\n\n\n\n<p>Une mise \u00e0 jour de notre site web vous permettra prochainement de r\u00e9server vos cr\u00e9neaux d&rsquo;utilisation sur un calendrier personnalis\u00e9 et confidentiel.<\/p>\n\n\n\n<p>Pour tout renseignements sur la zone convention :<br><\/p>\n\n\n\n<p>Email : conventions@shooting-experience.com<\/p>\n\n\n\n<p><\/p>\n\n\n\n<p><\/p>\n<\/div><\/div>\n\n\n\n<p><\/p>\n\n\n\n<figure class=\"wp-block-gallery has-nested-images columns-default is-cropped wp-block-gallery-1 is-layout-flex wp-block-gallery-is-layout-flex\">\n<figure class=\"wp-block-image size-large\"><img decoding=\"async\" width=\"1024\" height=\"576\" data-id=\"197\" src=\"https:\/\/www.shooting-experience.com\/wp-content\/uploads\/2023\/05\/WhatsApp-Image-2023-05-07-a-18.24.16-1024x576.jpg\" alt=\"\" class=\"wp-image-197\" srcset=\"https:\/\/www.shooting-experience.com\/wp-content\/uploads\/2023\/05\/WhatsApp-Image-2023-05-07-a-18.24.16-1024x576.jpg 1024w, https:\/\/www.shooting-experience.com\/wp-content\/uploads\/2023\/05\/WhatsApp-Image-2023-05-07-a-18.24.16-300x169.jpg 300w, https:\/\/www.shooting-experience.com\/wp-content\/uploads\/2023\/05\/WhatsApp-Image-2023-05-07-a-18.24.16-768x432.jpg 768w, https:\/\/www.shooting-experience.com\/wp-content\/uploads\/2023\/05\/WhatsApp-Image-2023-05-07-a-18.24.16-1536x864.jpg 1536w, https:\/\/www.shooting-experience.com\/wp-content\/uploads\/2023\/05\/WhatsApp-Image-2023-05-07-a-18.24.16-600x338.jpg 600w, https:\/\/www.shooting-experience.com\/wp-content\/uploads\/2023\/05\/WhatsApp-Image-2023-05-07-a-18.24.16.jpg 1600w\" sizes=\"(max-width: 1024px) 100vw, 1024px\" \/><\/figure>\n<\/figure>\n\n\n\n<figure class=\"wp-block-image size-large\"><img decoding=\"async\" width=\"1024\" height=\"576\" src=\"https:\/\/www.shooting-experience.com\/wp-content\/uploads\/2023\/05\/WhatsApp-Image-2023-05-07-a-18.24.18-1024x576.jpg\" alt=\"\" class=\"wp-image-195\" srcset=\"https:\/\/www.shooting-experience.com\/wp-content\/uploads\/2023\/05\/WhatsApp-Image-2023-05-07-a-18.24.18-1024x576.jpg 1024w, https:\/\/www.shooting-experience.com\/wp-content\/uploads\/2023\/05\/WhatsApp-Image-2023-05-07-a-18.24.18-300x169.jpg 300w, https:\/\/www.shooting-experience.com\/wp-content\/uploads\/2023\/05\/WhatsApp-Image-2023-05-07-a-18.24.18-768x432.jpg 768w, https:\/\/www.shooting-experience.com\/wp-content\/uploads\/2023\/05\/WhatsApp-Image-2023-05-07-a-18.24.18-1536x864.jpg 1536w, https:\/\/www.shooting-experience.com\/wp-content\/uploads\/2023\/05\/WhatsApp-Image-2023-05-07-a-18.24.18-600x338.jpg 600w, https:\/\/www.shooting-experience.com\/wp-content\/uploads\/2023\/05\/WhatsApp-Image-2023-05-07-a-18.24.18.jpg 1600w\" sizes=\"(max-width: 1024px) 100vw, 1024px\" \/><\/figure>\n\n\n\n<figure class=\"wp-block-image size-large\"><img loading=\"lazy\" decoding=\"async\" width=\"1024\" height=\"576\" src=\"https:\/\/www.shooting-experience.com\/wp-content\/uploads\/2023\/05\/WhatsApp-Image-2023-05-07-a-18.24.22-1024x576.jpg\" alt=\"\" class=\"wp-image-196\" srcset=\"https:\/\/www.shooting-experience.com\/wp-content\/uploads\/2023\/05\/WhatsApp-Image-2023-05-07-a-18.24.22-1024x576.jpg 1024w, https:\/\/www.shooting-experience.com\/wp-content\/uploads\/2023\/05\/WhatsApp-Image-2023-05-07-a-18.24.22-300x169.jpg 300w, https:\/\/www.shooting-experience.com\/wp-content\/uploads\/2023\/05\/WhatsApp-Image-2023-05-07-a-18.24.22-768x432.jpg 768w, https:\/\/www.shooting-experience.com\/wp-content\/uploads\/2023\/05\/WhatsApp-Image-2023-05-07-a-18.24.22-1536x864.jpg 1536w, https:\/\/www.shooting-experience.com\/wp-content\/uploads\/2023\/05\/WhatsApp-Image-2023-05-07-a-18.24.22-600x338.jpg 600w, https:\/\/www.shooting-experience.com\/wp-content\/uploads\/2023\/05\/WhatsApp-Image-2023-05-07-a-18.24.22.jpg 1600w\" sizes=\"(max-width: 1024px) 100vw, 1024px\" \/><\/figure>\n","protected":false},"excerpt":{"rendered":"<p>La zone Convention, disponible \u00e0 proximit\u00e9 des pas de tir 25m, 50\/100m et 400m est un espace de 1250 m\u00b2 s\u00e9curis\u00e9, d\u00e9di\u00e9 aux forces de l&rsquo;ordre et aux administrations. Am\u00e9nageable au gr\u00e9 des exercices et des contraintes op\u00e9rationnelles actuelles, vous pourrez positionner dans la zone des v\u00e9hicules ainsi que des parois en bois pour vos &hellip; <\/p>\n<p class=\"link-more\"><a href=\"https:\/\/www.shooting-experience.com\/index.php\/espace-pro\/\" class=\"more-link\">Lire la suite de<span class=\"screen-reader-text\">\u00ab\u00a0Espace pro\u00a0\u00bb<\/span><\/a><\/p>\n","protected":false},"author":1,"featured_media":0,"parent":0,"menu_order":0,"comment_status":"closed","ping_status":"closed","template":"","meta":{"footnotes":""},"class_list":["post-18","page","type-page","status-publish","hentry"],"featured_media_urls":[],"_links":{"self":[{"href":"https:\/\/www.shooting-experience.com\/index.php\/wp-json\/wp\/v2\/pages\/18","targetHints":{"allow":["GET"]}}],"collection":[{"href":"https:\/\/www.shooting-experience.com\/index.php\/wp-json\/wp\/v2\/pages"}],"about":[{"href":"https:\/\/www.shooting-experience.com\/index.php\/wp-json\/wp\/v2\/types\/page"}],"author":[{"embeddable":true,"href":"https:\/\/www.shooting-experience.com\/index.php\/wp-json\/wp\/v2\/users\/1"}],"replies":[{"embeddable":true,"href":"https:\/\/www.shooting-experience.com\/index.php\/wp-json\/wp\/v2\/comments?post=18"}],"version-history":[{"count":11,"href":"https:\/\/www.shooting-experience.com\/index.php\/wp-json\/wp\/v2\/pages\/18\/revisions"}],"predecessor-version":[{"id":325,"href":"https:\/\/www.shooting-experience.com\/index.php\/wp-json\/wp\/v2\/pages\/18\/revisions\/325"}],"wp:attachment":[{"href":"https:\/\/www.shooting-experience.com\/index.php\/wp-json\/wp\/v2\/media?parent=18"}],"curies":[{"name":"wp","href":"https:\/\/api.w.org\/{rel}","templated":true}]}}