{"id":19,"date":"2022-03-23T22:56:06","date_gmt":"2022-03-23T21:56:06","guid":{"rendered":"https:\/\/www.shooting-experience.com\/?page_id=19"},"modified":"2025-10-11T20:00:36","modified_gmt":"2025-10-11T18:00:36","slug":"inscription-et-tarifs","status":"publish","type":"page","link":"https:\/\/www.shooting-experience.com\/index.php\/inscription-et-tarifs\/","title":{"rendered":"Inscription et tarifs"},"content":{"rendered":"\n<p>Voici les modalit\u00e9s d&rsquo;inscriptions pour la saison 2025-2026 (MAJ : nous sommes complet pour la saison 2025-2026):<\/p>\n\n\n\n<p><strong>Documents \u00e0 envoyer par mail sur contact@shooting-experience.com.<\/strong><\/p>\n\n\n\n<p><strong>Le RIB vous sera communiqu\u00e9 en retour pour le r\u00e8glement.<\/strong><\/p>\n\n\n\n<p>PI\u00c8CES A FOURNIR POUR LES NOUVEAUX MEMBRES :<br>\u2022 1 photo d\u2019identit\u00e9<br>\u2022 1 extrait de casier judiciaire vierge de moins de 3 mois<br>\u2022 1 photocopie recto\/verso de la carte d\u2019identit\u00e9 ou passeport valide<br>\u2022 1 certificat m\u00e9dical d\u00fbment compl\u00e9t\u00e9 et vis\u00e9 par votre m\u00e9decin<br>\u2022 Le r\u00e8glement int\u00e9rieur sign\u00e9 (derni\u00e8re page) + le document \u00ab demande d\u2019adh\u00e9sion \u00bb<br>\u2022 R\u00e8glement de la cotisation par virement<\/p>\n\n\n\n<p><br>PI\u00c8CES A FOURNIR POUR LES MEMBRES D\u00c9J\u00c0 ADH\u00c9RENTS :<br>\u2022 Le document \u00ab demande d\u2019adh\u00e9sion \u00bb<br>\u2022 R\u00e8glement de la cotisation par virement.<\/p>\n\n\n\n<p class=\"has-text-align-center\"><strong>TARIFS<\/strong><br><img fetchpriority=\"high\" decoding=\"async\" width=\"1700\" height=\"165\" class=\"wp-image-333\" style=\"width: 1700px;\" src=\"https:\/\/www.shooting-experience.com\/wp-content\/uploads\/2025\/06\/inscription-2025-2026.jpg\" alt=\"\" srcset=\"https:\/\/www.shooting-experience.com\/wp-content\/uploads\/2025\/06\/inscription-2025-2026.jpg 876w, https:\/\/www.shooting-experience.com\/wp-content\/uploads\/2025\/06\/inscription-2025-2026-300x29.jpg 300w, https:\/\/www.shooting-experience.com\/wp-content\/uploads\/2025\/06\/inscription-2025-2026-768x75.jpg 768w\" sizes=\"(max-width: 1700px) 100vw, 1700px\" \/><\/p>\n\n\n\n<div class=\"wp-block-buttons is-content-justification-center is-layout-flex wp-container-core-buttons-is-layout-8057eaf3 wp-block-buttons-is-layout-flex\">\n<div class=\"wp-block-button\"><a class=\"wp-block-button__link has-vivid-cyan-blue-background-color has-background has-custom-font-size wp-element-button\" href=\"https:\/\/www.shooting-experience.com\/wp-content\/uploads\/2025\/06\/Le-Barp-Shooting-Experience-adhesion-2025-2026.pdf\" style=\"font-size:15px\" target=\"_blank\" rel=\"noreferrer noopener\">Demande adh\u00e9sion<\/a><\/div>\n\n\n\n<div class=\"wp-block-button\"><a class=\"wp-block-button__link has-vivid-cyan-blue-background-color has-background has-custom-font-size wp-element-button\" href=\"https:\/\/www.shooting-experience.com\/wp-content\/uploads\/2025\/06\/Modele-FFTir-de-Certificat-medical-2025_2026.pdf\" style=\"font-size:15px\" target=\"_blank\" rel=\"noreferrer noopener\">Certificat m\u00e9dical<\/a><\/div>\n\n\n\n<div class=\"wp-block-button\"><a class=\"wp-block-button__link has-vivid-cyan-blue-background-color has-background has-custom-font-size wp-element-button\" href=\"https:\/\/www.shooting-experience.com\/wp-content\/uploads\/2025\/10\/Reglement-Interieur-V03-2024.pdf\" style=\"font-size:15px\" target=\"_blank\" rel=\"noreferrer noopener\">R\u00e8glement int\u00e9rieur<\/a><\/div>\n<\/div>\n\n\n\n<p><\/p>\n\n\n\n<figure class=\"wp-block-image size-large\"><img decoding=\"async\" width=\"1024\" height=\"678\" src=\"https:\/\/www.shooting-experience.com\/wp-content\/uploads\/2022\/09\/pexels-photo-317356-1024x678.jpeg\" alt=\"\" class=\"wp-image-133\" srcset=\"https:\/\/www.shooting-experience.com\/wp-content\/uploads\/2022\/09\/pexels-photo-317356-1024x678.jpeg 1024w, https:\/\/www.shooting-experience.com\/wp-content\/uploads\/2022\/09\/pexels-photo-317356-300x199.jpeg 300w, https:\/\/www.shooting-experience.com\/wp-content\/uploads\/2022\/09\/pexels-photo-317356-768x509.jpeg 768w, https:\/\/www.shooting-experience.com\/wp-content\/uploads\/2022\/09\/pexels-photo-317356-1536x1017.jpeg 1536w, https:\/\/www.shooting-experience.com\/wp-content\/uploads\/2022\/09\/pexels-photo-317356-2048x1356.jpeg 2048w, https:\/\/www.shooting-experience.com\/wp-content\/uploads\/2022\/09\/pexels-photo-317356-2000x1325.jpeg 2000w, https:\/\/www.shooting-experience.com\/wp-content\/uploads\/2022\/09\/pexels-photo-317356-600x397.jpeg 600w\" sizes=\"(max-width: 1024px) 100vw, 1024px\" \/><\/figure>\n","protected":false},"excerpt":{"rendered":"<p>Voici les modalit\u00e9s d&rsquo;inscriptions pour la saison 2025-2026 (MAJ : nous sommes complet pour la saison 2025-2026): Documents \u00e0 envoyer par mail sur contact@shooting-experience.com. Le RIB vous sera communiqu\u00e9 en retour pour le r\u00e8glement. PI\u00c8CES A FOURNIR POUR LES NOUVEAUX MEMBRES :\u2022 1 photo d\u2019identit\u00e9\u2022 1 extrait de casier judiciaire vierge de moins de 3 &hellip; <\/p>\n<p class=\"link-more\"><a href=\"https:\/\/www.shooting-experience.com\/index.php\/inscription-et-tarifs\/\" class=\"more-link\">Lire la suite de<span class=\"screen-reader-text\">\u00ab\u00a0Inscription et tarifs\u00a0\u00bb<\/span><\/a><\/p>\n","protected":false},"author":1,"featured_media":0,"parent":0,"menu_order":0,"comment_status":"closed","ping_status":"closed","template":"","meta":{"footnotes":""},"class_list":["post-19","page","type-page","status-publish","hentry"],"featured_media_urls":[],"_links":{"self":[{"href":"https:\/\/www.shooting-experience.com\/index.php\/wp-json\/wp\/v2\/pages\/19","targetHints":{"allow":["GET"]}}],"collection":[{"href":"https:\/\/www.shooting-experience.com\/index.php\/wp-json\/wp\/v2\/pages"}],"about":[{"href":"https:\/\/www.shooting-experience.com\/index.php\/wp-json\/wp\/v2\/types\/page"}],"author":[{"embeddable":true,"href":"https:\/\/www.shooting-experience.com\/index.php\/wp-json\/wp\/v2\/users\/1"}],"replies":[{"embeddable":true,"href":"https:\/\/www.shooting-experience.com\/index.php\/wp-json\/wp\/v2\/comments?post=19"}],"version-history":[{"count":29,"href":"https:\/\/www.shooting-experience.com\/index.php\/wp-json\/wp\/v2\/pages\/19\/revisions"}],"predecessor-version":[{"id":360,"href":"https:\/\/www.shooting-experience.com\/index.php\/wp-json\/wp\/v2\/pages\/19\/revisions\/360"}],"wp:attachment":[{"href":"https:\/\/www.shooting-experience.com\/index.php\/wp-json\/wp\/v2\/media?parent=19"}],"curies":[{"name":"wp","href":"https:\/\/api.w.org\/{rel}","templated":true}]}}