{"id":21,"date":"2022-03-23T22:56:06","date_gmt":"2022-03-23T21:56:06","guid":{"rendered":"https:\/\/www.shooting-experience.com\/?page_id=21"},"modified":"2023-10-15T18:01:31","modified_gmt":"2023-10-15T16:01:31","slug":"nous-contacter","status":"publish","type":"page","link":"https:\/\/www.shooting-experience.com\/index.php\/nous-contacter\/","title":{"rendered":"Nous contacter"},"content":{"rendered":"\n<div class=\"wp-block-media-text alignwide has-media-on-the-right is-stacked-on-mobile\" style=\"grid-template-columns:auto 49%\"><div class=\"wp-block-media-text__content\">\n<p><strong>Nous joindre par email<\/strong> : <br>contact@shooting-experience.com<\/p>\n\n\n\n<p><strong>Si\u00e8ge du club<\/strong> : <br>4 all\u00e9e des M\u00e9sanges 33114 LE BARP<\/p>\n\n\n\n<p><strong>Le pr\u00e9sident<\/strong> : Pascal LE BOURCH<br>Email : p.lebourch@shooting-experience.com <br>Tel : 07.56.90.44.40<\/p>\n\n\n\n<p><strong>Le tr\u00e9sorier<\/strong> : Nicolas HUREL<br>Email : n.hurel@shooting-experience.com <br>Tel : 06.19.83.09.13<\/p>\n\n\n\n<p><strong>Conventions soci\u00e9t\u00e9s \/ FDO<\/strong> : <br>Email : conventions@shooting-experience.com <br><\/p>\n<\/div><figure class=\"wp-block-media-text__media\"><img fetchpriority=\"high\" decoding=\"async\" width=\"683\" height=\"1024\" src=\"https:\/\/www.shooting-experience.com\/wp-content\/uploads\/2022\/09\/pexels-photo-4575426-683x1024.jpeg\" alt=\"\" class=\"wp-image-144 size-full\" srcset=\"https:\/\/www.shooting-experience.com\/wp-content\/uploads\/2022\/09\/pexels-photo-4575426-683x1024.jpeg 683w, https:\/\/www.shooting-experience.com\/wp-content\/uploads\/2022\/09\/pexels-photo-4575426-200x300.jpeg 200w, https:\/\/www.shooting-experience.com\/wp-content\/uploads\/2022\/09\/pexels-photo-4575426-768x1152.jpeg 768w, https:\/\/www.shooting-experience.com\/wp-content\/uploads\/2022\/09\/pexels-photo-4575426-1024x1536.jpeg 1024w, https:\/\/www.shooting-experience.com\/wp-content\/uploads\/2022\/09\/pexels-photo-4575426-1365x2048.jpeg 1365w, https:\/\/www.shooting-experience.com\/wp-content\/uploads\/2022\/09\/pexels-photo-4575426-2000x3000.jpeg 2000w, https:\/\/www.shooting-experience.com\/wp-content\/uploads\/2022\/09\/pexels-photo-4575426-600x900.jpeg 600w, https:\/\/www.shooting-experience.com\/wp-content\/uploads\/2022\/09\/pexels-photo-4575426-scaled.jpeg 1707w\" sizes=\"(max-width: 683px) 100vw, 683px\" \/><\/figure><\/div>\n\n\n\n<p> <\/p>\n","protected":false},"excerpt":{"rendered":"<p>Nous joindre par email : contact@shooting-experience.com Si\u00e8ge du club : 4 all\u00e9e des M\u00e9sanges 33114 LE BARP Le pr\u00e9sident : Pascal LE BOURCHEmail : p.lebourch@shooting-experience.com Tel : 07.56.90.44.40 Le tr\u00e9sorier : Nicolas HURELEmail : n.hurel@shooting-experience.com Tel : 06.19.83.09.13 Conventions soci\u00e9t\u00e9s \/ FDO : Email : conventions@shooting-experience.com<\/p>\n","protected":false},"author":1,"featured_media":0,"parent":0,"menu_order":0,"comment_status":"closed","ping_status":"closed","template":"","meta":{"footnotes":""},"class_list":["post-21","page","type-page","status-publish","hentry"],"featured_media_urls":[],"_links":{"self":[{"href":"https:\/\/www.shooting-experience.com\/index.php\/wp-json\/wp\/v2\/pages\/21","targetHints":{"allow":["GET"]}}],"collection":[{"href":"https:\/\/www.shooting-experience.com\/index.php\/wp-json\/wp\/v2\/pages"}],"about":[{"href":"https:\/\/www.shooting-experience.com\/index.php\/wp-json\/wp\/v2\/types\/page"}],"author":[{"embeddable":true,"href":"https:\/\/www.shooting-experience.com\/index.php\/wp-json\/wp\/v2\/users\/1"}],"replies":[{"embeddable":true,"href":"https:\/\/www.shooting-experience.com\/index.php\/wp-json\/wp\/v2\/comments?post=21"}],"version-history":[{"count":17,"href":"https:\/\/www.shooting-experience.com\/index.php\/wp-json\/wp\/v2\/pages\/21\/revisions"}],"predecessor-version":[{"id":217,"href":"https:\/\/www.shooting-experience.com\/index.php\/wp-json\/wp\/v2\/pages\/21\/revisions\/217"}],"wp:attachment":[{"href":"https:\/\/www.shooting-experience.com\/index.php\/wp-json\/wp\/v2\/media?parent=21"}],"curies":[{"name":"wp","href":"https:\/\/api.w.org\/{rel}","templated":true}]}}